{"id":86,"date":"2024-04-26T07:16:45","date_gmt":"2024-04-26T07:16:45","guid":{"rendered":"https:\/\/shthemes.net\/demosd\/thecappa-beach-resort-hotel\/?page_id=86"},"modified":"2025-12-19T13:24:10","modified_gmt":"2025-12-19T13:24:10","slug":"blog-grid","status":"publish","type":"page","link":"https:\/\/residencialsodade.com\/2025\/blog-grid\/","title":{"rendered":"Blog Grid"},"content":{"rendered":"\t\t<div data-elementor-type=\"wp-page\" data-elementor-id=\"86\" class=\"elementor elementor-86\">\n\t\t\t\t\t\t<section class=\"elementor-section elementor-top-section elementor-element elementor-element-a2395cd elementor-section-full_width elementor-section-height-default elementor-section-height-default\" data-id=\"a2395cd\" data-element_type=\"section\">\n\t\t\t\t\t\t<div class=\"elementor-container elementor-column-gap-no\">\n\t\t\t\t\t<div class=\"elementor-column elementor-col-100 elementor-top-column elementor-element elementor-element-7d12a84\" data-id=\"7d12a84\" data-element_type=\"column\">\n\t\t\t<div class=\"elementor-widget-wrap elementor-element-populated\">\n\t\t\t\t\t\t<div class=\"elementor-element elementor-element-aa07ff0 elementor-align-left elementor-widget elementor-widget-bdevs-banner-section-2\" data-id=\"aa07ff0\" data-element_type=\"widget\" data-widget_type=\"bdevs-banner-section-2.default\">\n\t\t\t\t<div class=\"elementor-widget-container\">\n\t\t\t\t\t\t<div class=\"banner-header section-padding valign bg-img bg-fixed\" data-overlay-dark=\"4\" data-background=\"https:\/\/residencialsodade.com\/2025\/wp-content\/uploads\/2025\/07\/residencial-restaurante-sodade-rooms-view-terrace-city-hotel.jpg\">\r\n\t\t\t\t\t<div class=\"container\">\r\n\t\t\t\t<div class=\"row\">\r\n\t\t\t\t\t<div class=\"col-md-12 text-center\">\r\n\t\t\t\t\t\t\t\t\t\t\t\t\t<h5>Blog<\/h5>\r\n\t\t\t\t\t\t\t\t\t\t\t\t\t\t\t\t\t\t\t<h1>Not\u00edcias<\/h1>\r\n\t\t\t\t\t\t\t\t\t\t\t<\/div>\r\n\t\t\t\t<\/div>\r\n\t\t\t<\/div>\r\n\t\t\t<\/div>\r\n\r\n\r\n\t\t\t\t<\/div>\n\t\t\t\t<\/div>\n\t\t\t\t\t<\/div>\n\t\t<\/div>\n\t\t\t\t\t<\/div>\n\t\t<\/section>\n\t\t\t\t<section class=\"elementor-section elementor-top-section elementor-element elementor-element-64f699e elementor-section-full_width elementor-section-height-default elementor-section-height-default\" data-id=\"64f699e\" data-element_type=\"section\">\n\t\t\t\t\t\t<div class=\"elementor-container elementor-column-gap-no\">\n\t\t\t\t\t<div class=\"elementor-column elementor-col-100 elementor-top-column elementor-element elementor-element-d2db275\" data-id=\"d2db275\" data-element_type=\"column\">\n\t\t\t<div class=\"elementor-widget-wrap elementor-element-populated\">\n\t\t\t\t\t\t<div class=\"elementor-element elementor-element-3fedf84 elementor-align-left elementor-widget elementor-widget-bdevs-blog-grid\" data-id=\"3fedf84\" data-element_type=\"widget\" data-widget_type=\"bdevs-blog-grid.default\">\n\t\t\t\t<div class=\"elementor-widget-container\">\n\t\t\t\t\t \r\n\r\n<section class=\"news section-padding bg-lightblue\">\r\n\t<div class=\"container\">\r\n\t\t<div class=\"row\">\r\n\t\t\t\t\t\t\t<div class=\"col-lg-4 col-md-6 mb-30\">\r\n\t\t\t\t\t<div class=\"item\">\r\n\t\t\t\t\t\t\t\t\t\t\t\t\t<div class=\"position-re o-hidden\"> <img decoding=\"async\" src=\"https:\/\/residencialsodade.com\/2025\/wp-content\/uploads\/2025\/12\/laginha-beach-mindelo-cabo-verde-residencial-restaurante-sodade.jpg\" alt=\"Cabo Verde no Top 10 dos destinos mais seguros do mundo\">\r\n\t\t\t\t\t\t\t\t<div class=\"date\">\r\n\t\t\t\t\t\t\t\t\t<span>Dez<\/span> <i>11<\/i>\r\n\t\t\t\t\t\t\t\t<\/div>\r\n\t\t\t\t\t\t\t<\/div>\r\n\t\t\t\t\t\t\t\t\t\t\t\t<div class=\"con\"> \r\n\t\t\t\t\t\t\t<span class=\"category\">\r\n\t\t\t\t\t\t\t\t\t\t\t\t\t\t\t\t\t\t\t\t\t\t\t\t\t<a href=\"https:\/\/residencialsodade.com\/2025\/category\/sem-categoria\/\">Sem categoria<\/a>\r\n\t\t\t\t\t\t\t\t\t\t\t\t\t\t\t<\/span>\r\n\t\t\t\t\t\t\t<h5><a href=\"https:\/\/residencialsodade.com\/2025\/cabo-verde-no-top-10-dos-destinos-mais-seguros-do-mundo\/\">Cabo Verde no Top 10 dos destinos mais seguros do mundo<\/a><\/h5>\r\n\t\t\t\t\t\t<\/div>\r\n\t\t\t\t\t<\/div>\r\n\t\t\t\t<\/div>\r\n\t\t\t\t\t\t\t<div class=\"col-lg-4 col-md-6 mb-30\">\r\n\t\t\t\t\t<div class=\"item\">\r\n\t\t\t\t\t\t\t\t\t\t\t\t\t<div class=\"position-re o-hidden\"> <img decoding=\"async\" src=\"https:\/\/residencialsodade.com\/2025\/wp-content\/uploads\/2025\/10\/porto-grande-mindelo-sao-vicente-cabo-verde-residencial-restaurante-sodade.jpg\" alt=\"S\u00e3o Vicente reabre ao mundo com a temporada de cruzeiros\">\r\n\t\t\t\t\t\t\t\t<div class=\"date\">\r\n\t\t\t\t\t\t\t\t\t<span>Out<\/span> <i>5<\/i>\r\n\t\t\t\t\t\t\t\t<\/div>\r\n\t\t\t\t\t\t\t<\/div>\r\n\t\t\t\t\t\t\t\t\t\t\t\t<div class=\"con\"> \r\n\t\t\t\t\t\t\t<span class=\"category\">\r\n\t\t\t\t\t\t\t\t\t\t\t\t\t\t\t\t\t\t\t\t\t\t\t\t\t<a href=\"https:\/\/residencialsodade.com\/2025\/category\/sem-categoria\/\">Sem categoria<\/a>\r\n\t\t\t\t\t\t\t\t\t\t\t\t\t\t\t<\/span>\r\n\t\t\t\t\t\t\t<h5><a href=\"https:\/\/residencialsodade.com\/2025\/sao-vicente-reabre-ao-mundo-com-a-temporada-de-cruzeiros\/\">S\u00e3o Vicente reabre ao mundo com a temporada de cruzeiros<\/a><\/h5>\r\n\t\t\t\t\t\t<\/div>\r\n\t\t\t\t\t<\/div>\r\n\t\t\t\t<\/div>\r\n\t\t\t\t\t\t\t<div class=\"col-lg-4 col-md-6 mb-30\">\r\n\t\t\t\t\t<div class=\"item\">\r\n\t\t\t\t\t\t\t\t\t\t\t\t\t<div class=\"position-re o-hidden\"> <img decoding=\"async\" src=\"https:\/\/residencialsodade.com\/2025\/wp-content\/uploads\/2025\/12\/easy-jet-cabo-verde-residencial-restaurante-sodade.jpg\" alt=\"Porto-Cabo Verde: EasyJet estreia S\u00e3o Vicente e j\u00e1 garante quatro rotas directas\">\r\n\t\t\t\t\t\t\t\t<div class=\"date\">\r\n\t\t\t\t\t\t\t\t\t<span>Out<\/span> <i>11<\/i>\r\n\t\t\t\t\t\t\t\t<\/div>\r\n\t\t\t\t\t\t\t<\/div>\r\n\t\t\t\t\t\t\t\t\t\t\t\t<div class=\"con\"> \r\n\t\t\t\t\t\t\t<span class=\"category\">\r\n\t\t\t\t\t\t\t\t\t\t\t\t\t\t\t\t\t\t\t\t\t\t\t\t\t<a href=\"https:\/\/residencialsodade.com\/2025\/category\/sem-categoria\/\">Sem categoria<\/a>\r\n\t\t\t\t\t\t\t\t\t\t\t\t\t\t\t<\/span>\r\n\t\t\t\t\t\t\t<h5><a href=\"https:\/\/residencialsodade.com\/2025\/porto-cabo-verde-easyjet-estreia-sao-vicente-e-ja-garante-quatro-rotas-directas\/\">Porto-Cabo Verde: EasyJet estreia S\u00e3o Vicente e j\u00e1 garante quatro rotas directas<\/a><\/h5>\r\n\t\t\t\t\t\t<\/div>\r\n\t\t\t\t\t<\/div>\r\n\t\t\t\t<\/div>\r\n\t\t\t\t\t<\/div>\r\n\t\t\t<\/div>\r\n<\/section>\r\n\r\n\r\n\t\t\t\t<\/div>\n\t\t\t\t<\/div>\n\t\t\t\t\t<\/div>\n\t\t<\/div>\n\t\t\t\t\t<\/div>\n\t\t<\/section>\n\t\t\t\t<\/div>\n\t\t","protected":false},"excerpt":{"rendered":"<p>Blog Not\u00edcias Dez 11 Sem categoria Cabo Verde no Top 10 dos destinos mais seguros do mundo Out 5 Sem categoria S\u00e3o Vicente reabre ao mundo com a temporada de cruzeiros Out 11 Sem categoria Porto-Cabo Verde: EasyJet estreia S\u00e3o Vicente e j\u00e1 garante quatro rotas directas<\/p>\n","protected":false},"author":1,"featured_media":0,"parent":0,"menu_order":0,"comment_status":"closed","ping_status":"closed","template":"page-templates\/page-templates.php","meta":{"inline_featured_image":false,"footnotes":""},"class_list":["post-86","page","type-page","status-publish","hentry"],"_links":{"self":[{"href":"https:\/\/residencialsodade.com\/2025\/wp-json\/wp\/v2\/pages\/86","targetHints":{"allow":["GET"]}}],"collection":[{"href":"https:\/\/residencialsodade.com\/2025\/wp-json\/wp\/v2\/pages"}],"about":[{"href":"https:\/\/residencialsodade.com\/2025\/wp-json\/wp\/v2\/types\/page"}],"author":[{"embeddable":true,"href":"https:\/\/residencialsodade.com\/2025\/wp-json\/wp\/v2\/users\/1"}],"replies":[{"embeddable":true,"href":"https:\/\/residencialsodade.com\/2025\/wp-json\/wp\/v2\/comments?post=86"}],"version-history":[{"count":10,"href":"https:\/\/residencialsodade.com\/2025\/wp-json\/wp\/v2\/pages\/86\/revisions"}],"predecessor-version":[{"id":1182,"href":"https:\/\/residencialsodade.com\/2025\/wp-json\/wp\/v2\/pages\/86\/revisions\/1182"}],"wp:attachment":[{"href":"https:\/\/residencialsodade.com\/2025\/wp-json\/wp\/v2\/media?parent=86"}],"curies":[{"name":"wp","href":"https:\/\/api.w.org\/{rel}","templated":true}]}}